{"id":1864,"date":"2019-06-04T12:07:28","date_gmt":"2019-06-04T16:07:28","guid":{"rendered":"http:\/\/galeriechateaufrontenac.com\/?page_id=1864"},"modified":"2021-02-19T10:39:41","modified_gmt":"2021-02-19T15:39:41","slug":"http-dalitower-com","status":"publish","type":"page","link":"https:\/\/galeriechateaufrontenac.com\/en\/http-dalitower-com\/","title":{"rendered":"Dal\u00ed Tower | Real Estate Project"},"content":{"rendered":"<p><\/p>\n<h1 style=\"text-align: center;\"><a href=\"http:\/\/dalitower.com\/\" target=\"_blank\" rel=\"noopener\">Click here<\/a><\/h1>\n<h1 style=\"text-align: center;\">Dal\u00ed Tower | Real Estate Project<\/h1>\n<h2 style=\"text-align: center;\">Project<\/h2>\n<p><img loading=\"lazy\" decoding=\"async\" class=\"aligncenter wp-image-1865 size-full\" src=\"http:\/\/galeriechateaufrontenac.com\/wp-content\/uploads\/2019\/06\/Exterieur2.jpg\" alt=\"\" width=\"2792\" height=\"1256\" srcset=\"https:\/\/galeriechateaufrontenac.com\/wp-content\/uploads\/2019\/06\/Exterieur2.jpg 2792w, https:\/\/galeriechateaufrontenac.com\/wp-content\/uploads\/2019\/06\/Exterieur2-300x135.jpg 300w, https:\/\/galeriechateaufrontenac.com\/wp-content\/uploads\/2019\/06\/Exterieur2-768x345.jpg 768w, https:\/\/galeriechateaufrontenac.com\/wp-content\/uploads\/2019\/06\/Exterieur2-1024x461.jpg 1024w\" sizes=\"auto, (max-width: 2792px) 100vw, 2792px\" \/><\/p>\n<p dir=\"auto\">To dream in the universe of Salvador Dal\u00ed.<\/p>\n<p dir=\"auto\">Life at the Dal\u00ed Tower is a dream that can become reality. Imagine yourself strolling in an environment where you feel imbued with the imagination of the great Spanish artist. You have a condo in this magnificent tower in which you can \u00a0admire daily one of its bronze sculptures in monumental size, installed in front of the building or enthroned in the lobby with a museum size sculpture.<\/p>\n<p dir=\"auto\">Each condo has its own sculpture, gallery version, giving to this place which belongs to you a note of refinement and elegance that this great master has well known to integrate to his creations.<\/p>\n<p>&nbsp;<\/p>\n<p dir=\"auto\"><img loading=\"lazy\" decoding=\"async\" class=\"aligncenter wp-image-1866 size-full\" src=\"http:\/\/galeriechateaufrontenac.com\/wp-content\/uploads\/2019\/06\/Salon-noir.jpg\" alt=\"\" width=\"2461\" height=\"1587\" srcset=\"https:\/\/galeriechateaufrontenac.com\/wp-content\/uploads\/2019\/06\/Salon-noir.jpg 2461w, https:\/\/galeriechateaufrontenac.com\/wp-content\/uploads\/2019\/06\/Salon-noir-300x193.jpg 300w, https:\/\/galeriechateaufrontenac.com\/wp-content\/uploads\/2019\/06\/Salon-noir-768x495.jpg 768w, https:\/\/galeriechateaufrontenac.com\/wp-content\/uploads\/2019\/06\/Salon-noir-1024x660.jpg 1024w\" sizes=\"auto, (max-width: 2461px) 100vw, 2461px\" \/><\/p>\n<p dir=\"auto\" style=\"text-align: center;\"><a href=\"http:\/\/dalitower.com\"><strong>dalitower.com<\/strong><\/a><\/p>\n<p dir=\"auto\"><img loading=\"lazy\" decoding=\"async\" class=\"aligncenter wp-image-1867 size-full\" src=\"http:\/\/galeriechateaufrontenac.com\/wp-content\/uploads\/2019\/06\/alice.jpeg\" alt=\"\" width=\"2021\" height=\"1515\" srcset=\"https:\/\/galeriechateaufrontenac.com\/wp-content\/uploads\/2019\/06\/alice.jpeg 2021w, https:\/\/galeriechateaufrontenac.com\/wp-content\/uploads\/2019\/06\/alice-300x225.jpeg 300w, https:\/\/galeriechateaufrontenac.com\/wp-content\/uploads\/2019\/06\/alice-768x576.jpeg 768w, https:\/\/galeriechateaufrontenac.com\/wp-content\/uploads\/2019\/06\/alice-1024x768.jpeg 1024w\" sizes=\"auto, (max-width: 2021px) 100vw, 2021px\" \/><\/p>\n<p dir=\"auto\"><img loading=\"lazy\" decoding=\"async\" class=\"aligncenter wp-image-1868 size-full\" src=\"http:\/\/galeriechateaufrontenac.com\/wp-content\/uploads\/2019\/06\/danceoftime.jpeg\" alt=\"\" width=\"2024\" height=\"1514\" srcset=\"https:\/\/galeriechateaufrontenac.com\/wp-content\/uploads\/2019\/06\/danceoftime.jpeg 2024w, https:\/\/galeriechateaufrontenac.com\/wp-content\/uploads\/2019\/06\/danceoftime-300x224.jpeg 300w, https:\/\/galeriechateaufrontenac.com\/wp-content\/uploads\/2019\/06\/danceoftime-768x574.jpeg 768w, https:\/\/galeriechateaufrontenac.com\/wp-content\/uploads\/2019\/06\/danceoftime-1024x766.jpeg 1024w\" sizes=\"auto, (max-width: 2024px) 100vw, 2024px\" \/><\/p>\n<p dir=\"auto\"><img loading=\"lazy\" decoding=\"async\" class=\"aligncenter wp-image-1877 size-full\" src=\"http:\/\/galeriechateaufrontenac.com\/wp-content\/uploads\/2019\/06\/godiva.jpeg\" alt=\"\" width=\"2026\" height=\"1524\" srcset=\"https:\/\/galeriechateaufrontenac.com\/wp-content\/uploads\/2019\/06\/godiva.jpeg 2026w, https:\/\/galeriechateaufrontenac.com\/wp-content\/uploads\/2019\/06\/godiva-300x226.jpeg 300w, https:\/\/galeriechateaufrontenac.com\/wp-content\/uploads\/2019\/06\/godiva-768x578.jpeg 768w, https:\/\/galeriechateaufrontenac.com\/wp-content\/uploads\/2019\/06\/godiva-1024x770.jpeg 1024w\" sizes=\"auto, (max-width: 2026px) 100vw, 2026px\" \/><\/p>\n<p dir=\"auto\"><img loading=\"lazy\" decoding=\"async\" class=\"aligncenter size-full wp-image-1869\" src=\"http:\/\/galeriechateaufrontenac.com\/wp-content\/uploads\/2019\/06\/1.jpeg\" alt=\"\" width=\"2021\" height=\"1522\" srcset=\"https:\/\/galeriechateaufrontenac.com\/wp-content\/uploads\/2019\/06\/1.jpeg 2021w, https:\/\/galeriechateaufrontenac.com\/wp-content\/uploads\/2019\/06\/1-300x226.jpeg 300w, https:\/\/galeriechateaufrontenac.com\/wp-content\/uploads\/2019\/06\/1-768x578.jpeg 768w, https:\/\/galeriechateaufrontenac.com\/wp-content\/uploads\/2019\/06\/1-1024x771.jpeg 1024w\" sizes=\"auto, (max-width: 2021px) 100vw, 2021px\" \/> <img loading=\"lazy\" decoding=\"async\" class=\"aligncenter size-full wp-image-1870\" src=\"http:\/\/galeriechateaufrontenac.com\/wp-content\/uploads\/2019\/06\/2.jpeg\" alt=\"\" width=\"2024\" height=\"1524\" srcset=\"https:\/\/galeriechateaufrontenac.com\/wp-content\/uploads\/2019\/06\/2.jpeg 2024w, https:\/\/galeriechateaufrontenac.com\/wp-content\/uploads\/2019\/06\/2-300x226.jpeg 300w, https:\/\/galeriechateaufrontenac.com\/wp-content\/uploads\/2019\/06\/2-768x578.jpeg 768w, https:\/\/galeriechateaufrontenac.com\/wp-content\/uploads\/2019\/06\/2-1024x771.jpeg 1024w\" sizes=\"auto, (max-width: 2024px) 100vw, 2024px\" \/> <img loading=\"lazy\" decoding=\"async\" class=\"aligncenter size-full wp-image-1871\" src=\"http:\/\/galeriechateaufrontenac.com\/wp-content\/uploads\/2019\/06\/3.jpeg\" alt=\"\" width=\"2022\" height=\"1520\" srcset=\"https:\/\/galeriechateaufrontenac.com\/wp-content\/uploads\/2019\/06\/3.jpeg 2022w, https:\/\/galeriechateaufrontenac.com\/wp-content\/uploads\/2019\/06\/3-300x226.jpeg 300w, https:\/\/galeriechateaufrontenac.com\/wp-content\/uploads\/2019\/06\/3-768x577.jpeg 768w, https:\/\/galeriechateaufrontenac.com\/wp-content\/uploads\/2019\/06\/3-1024x770.jpeg 1024w\" sizes=\"auto, (max-width: 2022px) 100vw, 2022px\" \/><\/p>\n<p dir=\"auto\"><img loading=\"lazy\" decoding=\"async\" class=\"aligncenter size-full wp-image-1872\" src=\"http:\/\/galeriechateaufrontenac.com\/wp-content\/uploads\/2019\/06\/4.jpeg\" alt=\"\" width=\"2022\" height=\"1527\" srcset=\"https:\/\/galeriechateaufrontenac.com\/wp-content\/uploads\/2019\/06\/4.jpeg 2022w, https:\/\/galeriechateaufrontenac.com\/wp-content\/uploads\/2019\/06\/4-300x227.jpeg 300w, https:\/\/galeriechateaufrontenac.com\/wp-content\/uploads\/2019\/06\/4-768x580.jpeg 768w, https:\/\/galeriechateaufrontenac.com\/wp-content\/uploads\/2019\/06\/4-1024x773.jpeg 1024w\" sizes=\"auto, (max-width: 2022px) 100vw, 2022px\" \/><\/p>\n<p dir=\"auto\"><img loading=\"lazy\" decoding=\"async\" class=\"aligncenter size-full wp-image-1873\" src=\"http:\/\/galeriechateaufrontenac.com\/wp-content\/uploads\/2019\/06\/5.jpeg\" alt=\"\" width=\"2022\" height=\"1522\" srcset=\"https:\/\/galeriechateaufrontenac.com\/wp-content\/uploads\/2019\/06\/5.jpeg 2022w, https:\/\/galeriechateaufrontenac.com\/wp-content\/uploads\/2019\/06\/5-300x226.jpeg 300w, https:\/\/galeriechateaufrontenac.com\/wp-content\/uploads\/2019\/06\/5-768x578.jpeg 768w, https:\/\/galeriechateaufrontenac.com\/wp-content\/uploads\/2019\/06\/5-1024x771.jpeg 1024w\" sizes=\"auto, (max-width: 2022px) 100vw, 2022px\" \/> <img loading=\"lazy\" decoding=\"async\" class=\"aligncenter size-full wp-image-1874\" src=\"http:\/\/galeriechateaufrontenac.com\/wp-content\/uploads\/2019\/06\/6.jpeg\" alt=\"\" width=\"2019\" height=\"1520\" srcset=\"https:\/\/galeriechateaufrontenac.com\/wp-content\/uploads\/2019\/06\/6.jpeg 2019w, https:\/\/galeriechateaufrontenac.com\/wp-content\/uploads\/2019\/06\/6-300x226.jpeg 300w, https:\/\/galeriechateaufrontenac.com\/wp-content\/uploads\/2019\/06\/6-768x578.jpeg 768w, https:\/\/galeriechateaufrontenac.com\/wp-content\/uploads\/2019\/06\/6-1024x771.jpeg 1024w\" sizes=\"auto, (max-width: 2019px) 100vw, 2019px\" \/><\/p>\n<p dir=\"auto\"><img loading=\"lazy\" decoding=\"async\" class=\"aligncenter size-full wp-image-1875\" src=\"http:\/\/galeriechateaufrontenac.com\/wp-content\/uploads\/2019\/06\/7.jpeg\" alt=\"\" width=\"2017\" height=\"1524\" srcset=\"https:\/\/galeriechateaufrontenac.com\/wp-content\/uploads\/2019\/06\/7.jpeg 2017w, https:\/\/galeriechateaufrontenac.com\/wp-content\/uploads\/2019\/06\/7-300x227.jpeg 300w, https:\/\/galeriechateaufrontenac.com\/wp-content\/uploads\/2019\/06\/7-768x580.jpeg 768w, https:\/\/galeriechateaufrontenac.com\/wp-content\/uploads\/2019\/06\/7-1024x774.jpeg 1024w\" sizes=\"auto, (max-width: 2017px) 100vw, 2017px\" \/> <img loading=\"lazy\" decoding=\"async\" class=\"aligncenter size-full wp-image-1876\" src=\"http:\/\/galeriechateaufrontenac.com\/wp-content\/uploads\/2019\/06\/8.jpeg\" alt=\"\" width=\"2019\" height=\"1524\" srcset=\"https:\/\/galeriechateaufrontenac.com\/wp-content\/uploads\/2019\/06\/8.jpeg 2019w, https:\/\/galeriechateaufrontenac.com\/wp-content\/uploads\/2019\/06\/8-300x226.jpeg 300w, https:\/\/galeriechateaufrontenac.com\/wp-content\/uploads\/2019\/06\/8-768x580.jpeg 768w, https:\/\/galeriechateaufrontenac.com\/wp-content\/uploads\/2019\/06\/8-1024x773.jpeg 1024w\" sizes=\"auto, (max-width: 2019px) 100vw, 2019px\" \/> <img loading=\"lazy\" decoding=\"async\" class=\"aligncenter size-full wp-image-1879\" src=\"http:\/\/galeriechateaufrontenac.com\/wp-content\/uploads\/2019\/06\/9.jpg\" alt=\"\" width=\"2022\" height=\"1526\" srcset=\"https:\/\/galeriechateaufrontenac.com\/wp-content\/uploads\/2019\/06\/9.jpg 2022w, https:\/\/galeriechateaufrontenac.com\/wp-content\/uploads\/2019\/06\/9-300x226.jpg 300w, https:\/\/galeriechateaufrontenac.com\/wp-content\/uploads\/2019\/06\/9-768x580.jpg 768w, https:\/\/galeriechateaufrontenac.com\/wp-content\/uploads\/2019\/06\/9-1024x773.jpg 1024w\" sizes=\"auto, (max-width: 2022px) 100vw, 2022px\" \/><img loading=\"lazy\" decoding=\"async\" class=\"aligncenter size-full wp-image-1880\" src=\"http:\/\/galeriechateaufrontenac.com\/wp-content\/uploads\/2019\/06\/10.jpg\" alt=\"\" width=\"2023\" height=\"1527\" srcset=\"https:\/\/galeriechateaufrontenac.com\/wp-content\/uploads\/2019\/06\/10.jpg 2023w, https:\/\/galeriechateaufrontenac.com\/wp-content\/uploads\/2019\/06\/10-300x226.jpg 300w, https:\/\/galeriechateaufrontenac.com\/wp-content\/uploads\/2019\/06\/10-768x580.jpg 768w, https:\/\/galeriechateaufrontenac.com\/wp-content\/uploads\/2019\/06\/10-1024x773.jpg 1024w\" sizes=\"auto, (max-width: 2023px) 100vw, 2023px\" \/> <img loading=\"lazy\" decoding=\"async\" class=\"aligncenter size-full wp-image-1881\" src=\"http:\/\/galeriechateaufrontenac.com\/wp-content\/uploads\/2019\/06\/11.jpeg\" alt=\"\" width=\"2023\" height=\"1511\" srcset=\"https:\/\/galeriechateaufrontenac.com\/wp-content\/uploads\/2019\/06\/11.jpeg 2023w, https:\/\/galeriechateaufrontenac.com\/wp-content\/uploads\/2019\/06\/11-300x224.jpeg 300w, https:\/\/galeriechateaufrontenac.com\/wp-content\/uploads\/2019\/06\/11-768x574.jpeg 768w, https:\/\/galeriechateaufrontenac.com\/wp-content\/uploads\/2019\/06\/11-1024x765.jpeg 1024w\" sizes=\"auto, (max-width: 2023px) 100vw, 2023px\" \/> <img loading=\"lazy\" decoding=\"async\" class=\"aligncenter size-full wp-image-1882\" src=\"http:\/\/galeriechateaufrontenac.com\/wp-content\/uploads\/2019\/06\/12.jpeg\" alt=\"\" width=\"2022\" height=\"1515\" srcset=\"https:\/\/galeriechateaufrontenac.com\/wp-content\/uploads\/2019\/06\/12.jpeg 2022w, https:\/\/galeriechateaufrontenac.com\/wp-content\/uploads\/2019\/06\/12-300x225.jpeg 300w, https:\/\/galeriechateaufrontenac.com\/wp-content\/uploads\/2019\/06\/12-768x575.jpeg 768w, https:\/\/galeriechateaufrontenac.com\/wp-content\/uploads\/2019\/06\/12-1024x767.jpeg 1024w\" sizes=\"auto, (max-width: 2022px) 100vw, 2022px\" \/> <img loading=\"lazy\" decoding=\"async\" class=\"aligncenter size-full wp-image-1883\" src=\"http:\/\/galeriechateaufrontenac.com\/wp-content\/uploads\/2019\/06\/13.jpeg\" alt=\"\" width=\"2019\" height=\"1514\" srcset=\"https:\/\/galeriechateaufrontenac.com\/wp-content\/uploads\/2019\/06\/13.jpeg 2019w, https:\/\/galeriechateaufrontenac.com\/wp-content\/uploads\/2019\/06\/13-300x225.jpeg 300w, https:\/\/galeriechateaufrontenac.com\/wp-content\/uploads\/2019\/06\/13-768x576.jpeg 768w, https:\/\/galeriechateaufrontenac.com\/wp-content\/uploads\/2019\/06\/13-1024x768.jpeg 1024w\" sizes=\"auto, (max-width: 2019px) 100vw, 2019px\" \/><\/p>\n<p dir=\"auto\">\n<p><\/p>","protected":false},"excerpt":{"rendered":"<p>Click here Dal\u00ed Tower | Real Estate Project Project To dream in the universe of Salvador Dal\u00ed. Life at the Dal\u00ed Tower is a dream that can become reality. Imagine yourself strolling in an environment where you feel imbued with the imagination of the great Spanish artist. You have a condo in this magnificent tower &hellip;<\/p>\n","protected":false},"author":3,"featured_media":0,"parent":0,"menu_order":0,"comment_status":"closed","ping_status":"closed","template":"","meta":{"footnotes":""},"class_list":["post-1864","page","type-page","status-publish","hentry"],"_links":{"self":[{"href":"https:\/\/galeriechateaufrontenac.com\/en\/wp-json\/wp\/v2\/pages\/1864","targetHints":{"allow":["GET"]}}],"collection":[{"href":"https:\/\/galeriechateaufrontenac.com\/en\/wp-json\/wp\/v2\/pages"}],"about":[{"href":"https:\/\/galeriechateaufrontenac.com\/en\/wp-json\/wp\/v2\/types\/page"}],"author":[{"embeddable":true,"href":"https:\/\/galeriechateaufrontenac.com\/en\/wp-json\/wp\/v2\/users\/3"}],"replies":[{"embeddable":true,"href":"https:\/\/galeriechateaufrontenac.com\/en\/wp-json\/wp\/v2\/comments?post=1864"}],"version-history":[{"count":10,"href":"https:\/\/galeriechateaufrontenac.com\/en\/wp-json\/wp\/v2\/pages\/1864\/revisions"}],"predecessor-version":[{"id":2162,"href":"https:\/\/galeriechateaufrontenac.com\/en\/wp-json\/wp\/v2\/pages\/1864\/revisions\/2162"}],"wp:attachment":[{"href":"https:\/\/galeriechateaufrontenac.com\/en\/wp-json\/wp\/v2\/media?parent=1864"}],"curies":[{"name":"wp","href":"https:\/\/api.w.org\/{rel}","templated":true}]}}